{"id":1155,"date":"2026-04-14T13:15:01","date_gmt":"2026-04-14T13:15:01","guid":{"rendered":"https:\/\/yoaent.com\/new\/?page_id=1155"},"modified":"2026-04-15T08:01:40","modified_gmt":"2026-04-15T08:01:40","slug":"nos-produits","status":"publish","type":"page","link":"https:\/\/yoaent.com\/new\/fr\/nos-produits\/","title":{"rendered":"Nos Produits"},"content":{"rendered":"\t\t<div data-elementor-type=\"wp-page\" data-elementor-id=\"1155\" class=\"elementor elementor-1155\" data-elementor-post-type=\"page\">\n\t\t\t\t<div class=\"elementor-element elementor-element-354e783 e-con-full e-flex e-con e-parent\" data-id=\"354e783\" data-element_type=\"container\" data-e-type=\"container\" data-settings=\"{&quot;background_background&quot;:&quot;classic&quot;}\">\n\t\t<div class=\"elementor-element elementor-element-06b0b4d e-flex e-con-boxed e-con e-child\" data-id=\"06b0b4d\" data-element_type=\"container\" data-e-type=\"container\">\n\t\t\t\t\t<div class=\"e-con-inner\">\n\t\t\t\t<div class=\"elementor-element elementor-element-bcce322 elementor-widget-divider--view-line_text elementor-widget-divider--element-align-center elementor-widget elementor-widget-divider\" data-id=\"bcce322\" data-element_type=\"widget\" data-e-type=\"widget\" data-widget_type=\"divider.default\">\n\t\t\t\t\t\t\t<div class=\"elementor-divider\">\n\t\t\t<span class=\"elementor-divider-separator\">\n\t\t\t\t\t\t\t<span class=\"elementor-divider__text elementor-divider__element\">\n\t\t\t\tNos Produits\t\t\t\t<\/span>\n\t\t\t\t\t\t<\/span>\n\t\t<\/div>\n\t\t\t\t\t\t<\/div>\n\t\t\t\t<div class=\"elementor-element elementor-element-5b7b4c7 elementor-widget elementor-widget-text-editor\" data-id=\"5b7b4c7\" data-element_type=\"widget\" data-e-type=\"widget\" data-widget_type=\"text-editor.default\">\n\t\t\t\t\t\t\t\t\t<p>Nous importons au Ghana diff\u00e9rentes vari\u00e9t\u00e9s de fruits, notamment : pommes, raisins, mangues, poires, ananas et prunes.<\/p>\t\t\t\t\t\t\t\t<\/div>\n\t\t\t\t\t<\/div>\n\t\t\t\t<\/div>\n\t\t\t\t<\/div>\n\t\t<div class=\"elementor-element elementor-element-cda3152 e-flex e-con-boxed e-con e-parent\" data-id=\"cda3152\" data-element_type=\"container\" data-e-type=\"container\">\n\t\t\t\t\t<div class=\"e-con-inner\">\n\t\t<div class=\"elementor-element elementor-element-216cf69 e-con-full e-flex e-con e-child\" data-id=\"216cf69\" data-element_type=\"container\" data-e-type=\"container\">\n\t\t\t\t<div class=\"elementor-element elementor-element-c975428 elementor-widget elementor-widget-image\" data-id=\"c975428\" data-element_type=\"widget\" data-e-type=\"widget\" data-widget_type=\"image.default\">\n\t\t\t\t\t\t\t\t\t\t\t\t\t\t\t<img fetchpriority=\"high\" decoding=\"async\" width=\"800\" height=\"437\" src=\"https:\/\/yoaent.com\/new\/wp-content\/uploads\/2026\/03\/Whisk_db9d76b92a2c109a4094e5e068b278a9dr-1024x559.jpeg\" class=\"attachment-large size-large wp-image-403\" alt=\"\" srcset=\"https:\/\/yoaent.com\/new\/wp-content\/uploads\/2026\/03\/Whisk_db9d76b92a2c109a4094e5e068b278a9dr-1024x559.jpeg 1024w, https:\/\/yoaent.com\/new\/wp-content\/uploads\/2026\/03\/Whisk_db9d76b92a2c109a4094e5e068b278a9dr-300x164.jpeg 300w, https:\/\/yoaent.com\/new\/wp-content\/uploads\/2026\/03\/Whisk_db9d76b92a2c109a4094e5e068b278a9dr-768x419.jpeg 768w, https:\/\/yoaent.com\/new\/wp-content\/uploads\/2026\/03\/Whisk_db9d76b92a2c109a4094e5e068b278a9dr.jpeg 1408w\" sizes=\"(max-width: 800px) 100vw, 800px\" \/>\t\t\t\t\t\t\t\t\t\t\t\t\t\t\t<\/div>\n\t\t\t\t<\/div>\n\t\t<div class=\"elementor-element elementor-element-de097ed e-con-full e-flex e-con e-child\" data-id=\"de097ed\" data-element_type=\"container\" data-e-type=\"container\">\n\t\t\t\t<div class=\"elementor-element elementor-element-6fd3ab1 elementor-widget elementor-widget-heading\" data-id=\"6fd3ab1\" data-element_type=\"widget\" data-e-type=\"widget\" data-widget_type=\"heading.default\">\n\t\t\t\t\t<h2 class=\"elementor-heading-title elementor-size-default\">Apples<\/h2>\t\t\t\t<\/div>\n\t\t\t\t<div class=\"elementor-element elementor-element-4b8ec37 elementor-widget elementor-widget-text-editor\" data-id=\"4b8ec37\" data-element_type=\"widget\" data-e-type=\"widget\" data-widget_type=\"text-editor.default\">\n\t\t\t\t\t\t\t\t\t<p data-start=\"0\" data-end=\"116\">Nous importons au Ghana diff\u00e9rentes vari\u00e9t\u00e9s de pommes, notamment les\u00a0<strong data-start=\"70\" data-end=\"90\">Golden Delicious<\/strong>\u00a0et les\u00a0<strong data-start=\"98\" data-end=\"115\">pommes rouges<\/strong>.<\/p><p data-start=\"118\" data-end=\"329\">80% de nos pommes sont des\u00a0<strong data-start=\"146\" data-end=\"166\">Golden Delicious<\/strong>, et les pommes rouges repr\u00e9sentent 20% de notre stock. Les principales vari\u00e9t\u00e9s pour le march\u00e9 ghan\u00e9en sont\u00a0<strong data-start=\"276\" data-end=\"291\">Cripps Pink<\/strong>,\u00a0<strong data-start=\"293\" data-end=\"307\">Cripps Red<\/strong>\u00a0et\u00a0<strong data-start=\"311\" data-end=\"328\">Red Delicious<\/strong>.<\/p><p data-start=\"331\" data-end=\"620\" data-is-last-node=\"\" data-is-only-node=\"\">Gr\u00e2ce \u00e0 notre grande exp\u00e9rience et \u00e0 nos solides partenariats avec d\u2019autres acteurs majeurs de l\u2019industrie fruiti\u00e8re, nous sommes en mesure d\u2019approvisionner et de contribuer fortement \u00e0 la cha\u00eene d\u2019approvisionnement des fruits au Ghana et en\u00a0<strong data-start=\"573\" data-end=\"590\">C\u00f4te d\u2019Ivoire<\/strong>, tout au long de l\u2019ann\u00e9e.<\/p>\t\t\t\t\t\t\t\t<\/div>\n\t\t\t\t<\/div>\n\t\t\t\t\t<\/div>\n\t\t\t\t<\/div>\n\t\t<div class=\"elementor-element elementor-element-bbc9b7e e-flex e-con-boxed e-con e-parent\" data-id=\"bbc9b7e\" data-element_type=\"container\" data-e-type=\"container\" data-settings=\"{&quot;background_background&quot;:&quot;classic&quot;}\">\n\t\t\t\t\t<div class=\"e-con-inner\">\n\t\t<div class=\"elementor-element elementor-element-cd5acc3 e-flex e-con-boxed e-con e-child\" data-id=\"cd5acc3\" data-element_type=\"container\" data-e-type=\"container\">\n\t\t\t\t\t<div class=\"e-con-inner\">\n\t\t\t\t<div class=\"elementor-element elementor-element-7d9ee4b elementor-position-top elementor-widget elementor-widget-image-box\" data-id=\"7d9ee4b\" data-element_type=\"widget\" data-e-type=\"widget\" data-widget_type=\"image-box.default\">\n\t\t\t\t\t<div class=\"elementor-image-box-wrapper\"><figure class=\"elementor-image-box-img\"><img decoding=\"async\" width=\"1408\" height=\"768\" src=\"https:\/\/yoaent.com\/new\/wp-content\/uploads\/2026\/03\/Whisk_db8d20659d8f2fcb101468d6d43eb2f8dr.jpeg\" class=\"attachment-full size-full wp-image-406\" alt=\"\" srcset=\"https:\/\/yoaent.com\/new\/wp-content\/uploads\/2026\/03\/Whisk_db8d20659d8f2fcb101468d6d43eb2f8dr.jpeg 1408w, https:\/\/yoaent.com\/new\/wp-content\/uploads\/2026\/03\/Whisk_db8d20659d8f2fcb101468d6d43eb2f8dr-300x164.jpeg 300w, https:\/\/yoaent.com\/new\/wp-content\/uploads\/2026\/03\/Whisk_db8d20659d8f2fcb101468d6d43eb2f8dr-1024x559.jpeg 1024w, https:\/\/yoaent.com\/new\/wp-content\/uploads\/2026\/03\/Whisk_db8d20659d8f2fcb101468d6d43eb2f8dr-768x419.jpeg 768w\" sizes=\"(max-width: 1408px) 100vw, 1408px\" \/><\/figure><div class=\"elementor-image-box-content\"><h3 class=\"elementor-image-box-title\">Poires<\/h3><p class=\"elementor-image-box-description\">Nos poires ne font pas partie de notre stock tout au long de l\u2019ann\u00e9e.\n\nCependant, nous importons des poires d\u2019Afrique du Sud de f\u00e9vrier jusqu\u2019\u00e0 fin ao\u00fbt. La vari\u00e9t\u00e9 la plus demand\u00e9e est la poire Packham.<\/p><\/div><\/div>\t\t\t\t<\/div>\n\t\t\t\t\t<\/div>\n\t\t\t\t<\/div>\n\t\t<div class=\"elementor-element elementor-element-2368d5d e-flex e-con-boxed e-con e-child\" data-id=\"2368d5d\" data-element_type=\"container\" data-e-type=\"container\">\n\t\t\t\t\t<div class=\"e-con-inner\">\n\t\t\t\t<div class=\"elementor-element elementor-element-c731f5b elementor-position-top elementor-widget elementor-widget-image-box\" data-id=\"c731f5b\" data-element_type=\"widget\" data-e-type=\"widget\" data-widget_type=\"image-box.default\">\n\t\t\t\t\t<div class=\"elementor-image-box-wrapper\"><figure class=\"elementor-image-box-img\"><img decoding=\"async\" width=\"1408\" height=\"768\" src=\"https:\/\/yoaent.com\/new\/wp-content\/uploads\/2026\/03\/Whisk_c6394b50b5c73bcaa7a45dcc647a32d2dr.jpeg\" class=\"attachment-full size-full wp-image-412\" alt=\"\" srcset=\"https:\/\/yoaent.com\/new\/wp-content\/uploads\/2026\/03\/Whisk_c6394b50b5c73bcaa7a45dcc647a32d2dr.jpeg 1408w, https:\/\/yoaent.com\/new\/wp-content\/uploads\/2026\/03\/Whisk_c6394b50b5c73bcaa7a45dcc647a32d2dr-300x164.jpeg 300w, https:\/\/yoaent.com\/new\/wp-content\/uploads\/2026\/03\/Whisk_c6394b50b5c73bcaa7a45dcc647a32d2dr-1024x559.jpeg 1024w, https:\/\/yoaent.com\/new\/wp-content\/uploads\/2026\/03\/Whisk_c6394b50b5c73bcaa7a45dcc647a32d2dr-768x419.jpeg 768w\" sizes=\"(max-width: 1408px) 100vw, 1408px\" \/><\/figure><div class=\"elementor-image-box-content\"><h3 class=\"elementor-image-box-title\">Ananas<\/h3><p class=\"elementor-image-box-description\">Nous exportons des ananas depuis le Ghana et\/ou la C\u00f4te d\u2019Ivoire.\n\nLes vari\u00e9t\u00e9s disponibles sont : MD2, Sugar Loaf et Smooth Cayenne.<\/p><\/div><\/div>\t\t\t\t<\/div>\n\t\t\t\t\t<\/div>\n\t\t\t\t<\/div>\n\t\t<div class=\"elementor-element elementor-element-984f7a8 e-flex e-con-boxed e-con e-child\" data-id=\"984f7a8\" data-element_type=\"container\" data-e-type=\"container\">\n\t\t\t\t\t<div class=\"e-con-inner\">\n\t\t\t\t<div class=\"elementor-element elementor-element-4b7ffdc elementor-position-top elementor-widget elementor-widget-image-box\" data-id=\"4b7ffdc\" data-element_type=\"widget\" data-e-type=\"widget\" data-widget_type=\"image-box.default\">\n\t\t\t\t\t<div class=\"elementor-image-box-wrapper\"><figure class=\"elementor-image-box-img\"><img loading=\"lazy\" decoding=\"async\" width=\"1408\" height=\"768\" src=\"https:\/\/yoaent.com\/new\/wp-content\/uploads\/2026\/03\/Whisk_1ebb8d130d7baf69426444116ef7f8f9dr.jpeg\" class=\"attachment-full size-full wp-image-411\" alt=\"\" srcset=\"https:\/\/yoaent.com\/new\/wp-content\/uploads\/2026\/03\/Whisk_1ebb8d130d7baf69426444116ef7f8f9dr.jpeg 1408w, https:\/\/yoaent.com\/new\/wp-content\/uploads\/2026\/03\/Whisk_1ebb8d130d7baf69426444116ef7f8f9dr-300x164.jpeg 300w, https:\/\/yoaent.com\/new\/wp-content\/uploads\/2026\/03\/Whisk_1ebb8d130d7baf69426444116ef7f8f9dr-1024x559.jpeg 1024w, https:\/\/yoaent.com\/new\/wp-content\/uploads\/2026\/03\/Whisk_1ebb8d130d7baf69426444116ef7f8f9dr-768x419.jpeg 768w\" sizes=\"(max-width: 1408px) 100vw, 1408px\" \/><\/figure><div class=\"elementor-image-box-content\"><h3 class=\"elementor-image-box-title\">Prones<\/h3><p class=\"elementor-image-box-description\">Nous importons au Ghana des prunes Angelino.\n\nElles proviennent principalement d\u2019Afrique du Sud, d\u2019Italie et d\u2019Espagne.<\/p><\/div><\/div>\t\t\t\t<\/div>\n\t\t\t\t\t<\/div>\n\t\t\t\t<\/div>\n\t\t\t\t\t<\/div>\n\t\t\t\t<\/div>\n\t\t<div class=\"elementor-element elementor-element-07587ba e-flex e-con-boxed e-con e-parent\" data-id=\"07587ba\" data-element_type=\"container\" data-e-type=\"container\">\n\t\t\t\t\t<div class=\"e-con-inner\">\n\t\t<div class=\"elementor-element elementor-element-019af0e e-con-full e-flex e-con e-child\" data-id=\"019af0e\" data-element_type=\"container\" data-e-type=\"container\">\n\t\t\t\t<div class=\"elementor-element elementor-element-fb96fa8 elementor-position-top elementor-widget elementor-widget-image-box\" data-id=\"fb96fa8\" data-element_type=\"widget\" data-e-type=\"widget\" data-widget_type=\"image-box.default\">\n\t\t\t\t\t<div class=\"elementor-image-box-wrapper\"><figure class=\"elementor-image-box-img\"><img loading=\"lazy\" decoding=\"async\" width=\"1408\" height=\"768\" src=\"https:\/\/yoaent.com\/new\/wp-content\/uploads\/2026\/03\/Whisk_c18079ce649ba9f86fb4bc8a5139456adr.jpeg\" class=\"attachment-full size-full wp-image-404\" alt=\"\" srcset=\"https:\/\/yoaent.com\/new\/wp-content\/uploads\/2026\/03\/Whisk_c18079ce649ba9f86fb4bc8a5139456adr.jpeg 1408w, https:\/\/yoaent.com\/new\/wp-content\/uploads\/2026\/03\/Whisk_c18079ce649ba9f86fb4bc8a5139456adr-300x164.jpeg 300w, https:\/\/yoaent.com\/new\/wp-content\/uploads\/2026\/03\/Whisk_c18079ce649ba9f86fb4bc8a5139456adr-1024x559.jpeg 1024w, https:\/\/yoaent.com\/new\/wp-content\/uploads\/2026\/03\/Whisk_c18079ce649ba9f86fb4bc8a5139456adr-768x419.jpeg 768w\" sizes=\"(max-width: 1408px) 100vw, 1408px\" \/><\/figure><div class=\"elementor-image-box-content\"><h3 class=\"elementor-image-box-title\">Raisins<\/h3><p class=\"elementor-image-box-description\">Nos raisins proviennent principalement de pays tels que : l\u2019Afrique du Sud, l\u2019\u00c9gypte, le Maroc, l\u2019Espagne, l\u2019Italie et le Chili.\n\nLa vari\u00e9t\u00e9 la plus demand\u00e9e est le raisin Red Globe, qui repr\u00e9sente la principale part de notre stock. Il constitue environ 90 %, tandis que le Crimson repr\u00e9sente 10 %.<\/p><\/div><\/div>\t\t\t\t<\/div>\n\t\t\t\t<\/div>\n\t\t<div class=\"elementor-element elementor-element-b16c8b4 e-con-full e-flex e-con e-child\" data-id=\"b16c8b4\" data-element_type=\"container\" data-e-type=\"container\">\n\t\t\t\t<div class=\"elementor-element elementor-element-a574734 elementor-position-top elementor-widget elementor-widget-image-box\" data-id=\"a574734\" data-element_type=\"widget\" data-e-type=\"widget\" data-widget_type=\"image-box.default\">\n\t\t\t\t\t<div class=\"elementor-image-box-wrapper\"><figure class=\"elementor-image-box-img\"><img loading=\"lazy\" decoding=\"async\" width=\"1408\" height=\"768\" src=\"https:\/\/yoaent.com\/new\/wp-content\/uploads\/2026\/03\/Whisk_2d4bdc8c447a908bb2e4467a58bcb69cdr.jpeg\" class=\"attachment-full size-full wp-image-405\" alt=\"\" srcset=\"https:\/\/yoaent.com\/new\/wp-content\/uploads\/2026\/03\/Whisk_2d4bdc8c447a908bb2e4467a58bcb69cdr.jpeg 1408w, https:\/\/yoaent.com\/new\/wp-content\/uploads\/2026\/03\/Whisk_2d4bdc8c447a908bb2e4467a58bcb69cdr-300x164.jpeg 300w, https:\/\/yoaent.com\/new\/wp-content\/uploads\/2026\/03\/Whisk_2d4bdc8c447a908bb2e4467a58bcb69cdr-1024x559.jpeg 1024w, https:\/\/yoaent.com\/new\/wp-content\/uploads\/2026\/03\/Whisk_2d4bdc8c447a908bb2e4467a58bcb69cdr-768x419.jpeg 768w\" sizes=\"(max-width: 1408px) 100vw, 1408px\" \/><\/figure><div class=\"elementor-image-box-content\"><h3 class=\"elementor-image-box-title\">Mangue<\/h3><p class=\"elementor-image-box-description\">Nous exportons \u00e9galement des mangues depuis le Ghana et la C\u00f4te d\u2019Ivoire.\n\nNous exportons depuis la C\u00f4te d\u2019Ivoire de mars \u00e0 fin avril, puis depuis le Ghana de mai \u00e0 juillet pendant la haute saison, ainsi que de septembre \u00e0 fin octobre pour la petite saison.<\/p><\/div><\/div>\t\t\t\t<\/div>\n\t\t\t\t<\/div>\n\t\t\t\t\t<\/div>\n\t\t\t\t<\/div>\n\t\t<div class=\"elementor-element elementor-element-5e40691 e-flex e-con-boxed e-con e-parent\" data-id=\"5e40691\" data-element_type=\"container\" data-e-type=\"container\" data-settings=\"{&quot;background_background&quot;:&quot;classic&quot;}\">\n\t\t\t\t\t<div class=\"e-con-inner\">\n\t\t\t\t<div class=\"elementor-element elementor-element-22d3bb1 elementor-widget elementor-widget-heading\" data-id=\"22d3bb1\" data-element_type=\"widget\" data-e-type=\"widget\" data-widget_type=\"heading.default\">\n\t\t\t\t\t<h2 class=\"elementor-heading-title elementor-size-default\">Besoin d\u2019un approvisionnement en fruits en grande quantit\u00e9?<\/h2>\t\t\t\t<\/div>\n\t\t\t\t<div class=\"elementor-element elementor-element-3bf1159 elementor-widget elementor-widget-button\" data-id=\"3bf1159\" data-element_type=\"widget\" data-e-type=\"widget\" data-widget_type=\"button.default\">\n\t\t\t\t\t\t\t\t\t\t<a class=\"elementor-button elementor-button-link elementor-size-sm\" href=\"https:\/\/yoaent.com\/new\/fr\/contact\/\">\n\t\t\t\t\t\t<span class=\"elementor-button-content-wrapper\">\n\t\t\t\t\t\t\t\t\t<span class=\"elementor-button-text\">Contactez-nous maintenant<\/span>\n\t\t\t\t\t<\/span>\n\t\t\t\t\t<\/a>\n\t\t\t\t\t\t\t\t<\/div>\n\t\t\t\t\t<\/div>\n\t\t\t\t<\/div>\n\t\t\t\t<\/div>\n\t\t","protected":false},"excerpt":{"rendered":"<p>Nos Produits Nous importons au Ghana diff\u00e9rentes vari\u00e9t\u00e9s de fruits, notamment : pommes, raisins, mangues, poires, ananas et prunes. Apples Nous importons au Ghana diff\u00e9rentes vari\u00e9t\u00e9s de pommes, notamment les\u00a0Golden Delicious\u00a0et les\u00a0pommes rouges. 80% de nos pommes sont des\u00a0Golden Delicious, et les pommes rouges repr\u00e9sentent 20% de notre stock. Les principales vari\u00e9t\u00e9s pour le march\u00e9 [&hellip;]<\/p>\n","protected":false},"author":1,"featured_media":0,"parent":0,"menu_order":0,"comment_status":"closed","ping_status":"closed","template":"elementor_header_footer","meta":{"footnotes":""},"class_list":["post-1155","page","type-page","status-publish","hentry"],"_links":{"self":[{"href":"https:\/\/yoaent.com\/new\/wp-json\/wp\/v2\/pages\/1155","targetHints":{"allow":["GET"]}}],"collection":[{"href":"https:\/\/yoaent.com\/new\/wp-json\/wp\/v2\/pages"}],"about":[{"href":"https:\/\/yoaent.com\/new\/wp-json\/wp\/v2\/types\/page"}],"author":[{"embeddable":true,"href":"https:\/\/yoaent.com\/new\/wp-json\/wp\/v2\/users\/1"}],"replies":[{"embeddable":true,"href":"https:\/\/yoaent.com\/new\/wp-json\/wp\/v2\/comments?post=1155"}],"version-history":[{"count":7,"href":"https:\/\/yoaent.com\/new\/wp-json\/wp\/v2\/pages\/1155\/revisions"}],"predecessor-version":[{"id":1282,"href":"https:\/\/yoaent.com\/new\/wp-json\/wp\/v2\/pages\/1155\/revisions\/1282"}],"wp:attachment":[{"href":"https:\/\/yoaent.com\/new\/wp-json\/wp\/v2\/media?parent=1155"}],"curies":[{"name":"wp","href":"https:\/\/api.w.org\/{rel}","templated":true}]}}